{"id":2,"date":"2013-02-02T02:56:27","date_gmt":"2013-02-02T02:56:27","guid":{"rendered":"http:\/\/ohmpa.noblogs.org\/?page_id=2"},"modified":"2013-07-11T12:50:04","modified_gmt":"2013-07-11T10:50:04","slug":"sample-page","status":"publish","type":"page","link":"https:\/\/ohmpa.noblogs.org\/?page_id=2","title":{"rendered":"Kontakt"},"content":{"rendered":"<p><strong>Bitte verschl\u00fcsselt schreiben &#8211; unverschl\u00fcsselte Mails sind so sicher wie Postkarten!<\/strong><br \/>\nMetadaten (Absender, Empf\u00e4nger, Betreff, Datum) werden nicht verschl\u00fcsselt.<\/p>\n<p>E-Mail: ohmpa (at) riseup.net<\/p>\n<p><a href=\"https:\/\/ohmpa.noblogs.org\/files\/2013\/02\/ohmpa.asc\">PGP-Key<\/a> (Rechtsklick &#8211; Speichern)<\/p>\n","protected":false},"excerpt":{"rendered":"<p>Bitte verschl\u00fcsselt schreiben &#8211; unverschl\u00fcsselte Mails sind so sicher wie Postkarten! Metadaten (Absender, Empf\u00e4nger, Betreff, Datum) werden nicht verschl\u00fcsselt. E-Mail: ohmpa (at) riseup.net PGP-Key (Rechtsklick &#8211; Speichern)<\/p>\n","protected":false},"author":6318,"featured_media":0,"parent":0,"menu_order":0,"comment_status":"closed","ping_status":"open","template":"full-width-page.php","meta":{"footnotes":""},"class_list":["post-2","page","type-page","status-publish","hentry"],"_links":{"self":[{"href":"https:\/\/ohmpa.noblogs.org\/index.php?rest_route=\/wp\/v2\/pages\/2","targetHints":{"allow":["GET"]}}],"collection":[{"href":"https:\/\/ohmpa.noblogs.org\/index.php?rest_route=\/wp\/v2\/pages"}],"about":[{"href":"https:\/\/ohmpa.noblogs.org\/index.php?rest_route=\/wp\/v2\/types\/page"}],"author":[{"embeddable":true,"href":"https:\/\/ohmpa.noblogs.org\/index.php?rest_route=\/wp\/v2\/users\/6318"}],"replies":[{"embeddable":true,"href":"https:\/\/ohmpa.noblogs.org\/index.php?rest_route=%2Fwp%2Fv2%2Fcomments&post=2"}],"version-history":[{"count":11,"href":"https:\/\/ohmpa.noblogs.org\/index.php?rest_route=\/wp\/v2\/pages\/2\/revisions"}],"predecessor-version":[{"id":44,"href":"https:\/\/ohmpa.noblogs.org\/index.php?rest_route=\/wp\/v2\/pages\/2\/revisions\/44"}],"wp:attachment":[{"href":"https:\/\/ohmpa.noblogs.org\/index.php?rest_route=%2Fwp%2Fv2%2Fmedia&parent=2"}],"curies":[{"name":"wp","href":"https:\/\/api.w.org\/{rel}","templated":true}]}}